{"id":33,"date":"2024-07-31T08:18:13","date_gmt":"2024-07-31T08:18:13","guid":{"rendered":"https:\/\/inchiriereautoruloteoradea.ro\/?page_id=33"},"modified":"2024-07-31T08:18:13","modified_gmt":"2024-07-31T08:18:13","slug":"termeni-si-conditii","status":"publish","type":"page","link":"https:\/\/inchiriereautoruloteoradea.ro\/index.php\/termeni-si-conditii\/","title":{"rendered":"Termeni \u0219i Condi\u021bii"},"content":{"rendered":"\n<h1 class=\"wp-block-heading\">OBLIGATIILE LOCATORULUI (inchiriereautoruloteoradea.ro)<\/h1>\n\n\n\n<p>Locatorul are obliga\u021bia de a pune la dispozi\u021bia chiria\u0219ului autorulota \u00een stare buna de func\u021bionare, echipata cu toate dot\u0103rile ofertate, cu rezervorul de combustibil plin, asigurarea obligatorie si rovigneta valabila pe teritoriul Rom\u00e2niei. Locatorul va preda autorulota curata interior si exterior.<\/p>\n\n\n\n<p>Locatorul va acorda asistenta telefonica Chiria\u0219ului pe toata perioada sejurului.<\/p>\n\n\n\n<p>1 din 4<\/p>\n\n\n\n<ul class=\"wp-block-list\">\n<li><strong>DREPTURILE SI OBLIGATIILE CHIRIASULUI<\/strong> (Clientul)<\/li>\n<\/ul>\n\n\n\n<p>Chiria\u0219ul trebuie sa posede permis de conducere valabil categoria B pe \u00eentreaga perioada de \u00eenchiriere si cu o vechime de minim 5 ani. V\u00e2rsta minima obligatorie este de 25 de ani.<\/p>\n\n\n\n<p>In cazul in care CHIRIASUL a furnizat c\u0103tre Locator informa\u021bii false privind identitatea sau adresa sa ori valabilitatea permisului sau de conducere, Locatorul \u00ee\u0219i declin\u0103 orice responsabilitate pentru daunele pricinuite de CHIRIA\u0218 ter\u021bilor. \u00cen aceste condi\u021bii CHIRIASUL nu mai beneficiaz\u0103 de asigurare.<\/p>\n\n\n\n<p>Chiria\u0219ul \u00ee\u0219i asum\u0103 \u00eentreaga responsabilitate pentru orice accident provocat de conducerea sub influenta b\u0103uturilor alcoolice sau a alter substan\u021be psihoactive, prin acest contract accept\u00e2nd sa pl\u0103teasc\u0103 pagubele evaluate de c\u0103tre societatea noastr\u0103 de asigur\u0103ri.<\/p>\n\n\n\n<p>In caz de accident, Chiria\u0219ul este obligat sa anun\u021be imediat producerea acestuia at\u00e2t organelor de politie. cat si Locatorului, si va permite efectuarea investiga\u021biilor necesare.<\/p>\n\n\n\n<p>At\u00e2t in cazul unui accident rutier, dauna sau a furtului autorulotei \/ din autorulot\u0103, Chiria\u0219ul va fi obligat sa ob\u021bin\u0103 de la organele abilitate urm\u0103toarele documente:<\/p>\n\n\n\n<ul class=\"wp-block-list\">\n<li>Procesul-verbal de constatare a accidentului sau furtului, dup\u0103 caz;<ul><li>Formularul de constatare amiabila<\/li><\/ul>\n<ul class=\"wp-block-list\">\n<li>Autoriza\u021bia de repara\u021bie<\/li>\n<\/ul>\n<\/li>\n<\/ul>\n\n\n\n<p>Chiria\u0219ul isi asuma \u00eentreaga r\u0103spundere pentru orice \u00eenc\u0103lcare a regulamentului rutier in vigoare. De asemenea este obligat sa pl\u0103teasc\u0103 toate amenzile primite in decursul perioadei pe care a \u00eenchiriat autorulota.<\/p>\n\n\n\n<p>In caz de accident sau alte avarii produse si neacceptate la decontare de asigurator din motive imputabile Chiria\u0219ului, acesta din urma devine responsabil de achitarea daunelor cauzate. Echiparea de interior (mobilier, electrocasnice} si extra dot\u0103rile (parasolar retractabil, suport biciclete, unitate AC, sistemul de panouri fotovoltaice, router 4G, TV HD 22&#8243;) nu fac obiectul poli\u021bei CASCO.<\/p>\n\n\n\n<p>Chiria\u0219ul are obliga\u021bia de a pl\u0103ti o garan\u021bie de <strong>500 <\/strong>EURO rambursabila integral la finalul sejurului, daca nu exista motive de re\u021binere.<\/p>\n\n\n\n<p>in caz de accident sau alte avarii produse si neacceptate la decontare de asigurator din motive imputabile Chiria\u0219ului (ne\u00eendeplinirea formalit\u0103\u021bilor necesare, \u00eenc\u0103lcarea legisla\u021biei rutiere, \u00eenc\u0103lcarea condi\u021biilor din poli\u021ba asiguratorului, vandalism, etc.), acesta din urma devine responsabil de achitarea daunelor cauzate;<\/p>\n\n\n\n<p>in caz de accident sau alte avarii produse din culpa Chiria\u0219ului si acceptate la decontare de asigurator, acesta devine responsabil de achitarea daunelor cauzate in limita unei copl\u0103\u021bi\/fran\u0219ize de <strong>300 <\/strong>EUR\/eveniment;<\/p>\n\n\n\n<p>&#8211;\u00a0\u00a0\u00a0in caz de accident sau alte avarii produse f\u0103r\u0103 culpa Chiria\u0219ului si acceptate la decontare de asigurator, acesta nu este responsabil de achitarea daunelor cauzate:<\/p>\n\n\n\n<p>toate costurile adi\u021bionale se pot deduce din garan\u021bie f\u0103r\u0103 a se limita la aceasta;<\/p>\n\n\n\n<p>in cazul unor daune produse, garan\u021bia se va returna dup\u0103 validarea dosarului si acceptarea decont\u0103rii de c\u0103tre asigurator<\/p>\n\n\n\n<p>Chiria\u0219ul <em>va <\/em>prelua autorulota cur\u0103\u021bat\u0103 si igienizata interior si exterior. Chiria\u0219ul va prelua autorulota cu rezervorul de combustibil plin, urm\u00e2nd a fi predat\u0103 \u00een acelea\u0219i condi\u021bii, sau va achita <strong>150 <\/strong>EUR, pentru motorina. De asemenea, Chiria\u0219ul are obliga\u021bia s\u0103 predea autorulota curat\u0103, interior \u0219i exterior, f\u0103r\u0103 a sp\u0103la lenjeria de pat, altfel se va retine <strong>200EUR, <\/strong>s\u0103 goleasc\u0103 caseta WC \u0219i s\u0103 cure\u021be vasul de toaleta \u00eenainte de predare, in caz: contrar va achita o taxa in valoare de <strong>100 <\/strong><strong>EUR.<\/strong><strong><\/strong><\/p>\n\n\n\n<p>Chiria\u0219ul are dreptul sa utilizeze autorulota, cu \u00een\u0219tiin\u021barea \u00een prealabil a Locatorului, \u00een toate \u021b\u0103rile UE \u0219i inclusiv \u00een \u021b\u0103rile acoperite de asigurarea RCA \u0219i CASCO, f\u0103r\u0103 limit\u0103 de kilometri.<\/p>\n\n\n\n<p>Chiria\u0219ului ii sunt interzise:<\/p>\n\n\n\n<ul class=\"wp-block-list\">\n<li>Participarea la curse de ma\u0219ini sau in teste pentru verificarea performantelor autorulotei;<\/li>\n\n\n\n<li>Transportul materialelor sau substan\u021belor interzise, precum si transportul oric\u0103ror m\u0103rfuri f\u0103r\u0103 actele necesare;<\/li>\n<\/ul>\n\n\n\n<p><\/p>\n\n\n\n<ul class=\"wp-block-list\">\n<li>Utilizarea autorulotei de c\u0103tre acesta sau de un alt conduc\u0103tor auto \u00eenso\u021bitor, sub influen\u021ba alcoolului, drogurilor sau oric\u0103ror substan\u021be care ii poate afecta viteza de reac\u021bie sau starea de con\u0219tien\u021b\u0103:<\/li>\n\n\n\n<li>Tractarea altar autoturisme sau remorci;<\/li>\n\n\n\n<li>L\u0103sarea autorulotei cu geamurile deschise si\/sau cu cheile in contact nesupravegheate;<\/li>\n\n\n\n<li>Efectuarea vreunei repara\u021bii asupra autorulotei &#8211; aceasta nu poate fi reparata dec\u00e2t \u00eentr-un service autorizat si desemnat de Locator;<\/li>\n\n\n\n<li>S\u0103 v\u00e2nd\u0103, s\u0103 \u00eenchirieze sau sa garanteze cu autorulota care face obiectul acestui contract;<\/li>\n\n\n\n<li>S\u0103 fumeze sau sa lase alte persoane s\u0103 fumeze \u00een interiorul autorulotei;<\/li>\n\n\n\n<li>S\u0103 transporte orice fel de animale, chiar \u0219i de companie.<\/li>\n<\/ul>\n\n\n\n<p>\u00cenc\u0103lcarea oric\u0103reia din condi\u021biile de folosire va atrage automat responsabilitatea financiara a Chiria\u0219ului fa\u021b\u0103 de Locator, re\u021binerea garan\u021biei \u0219i plata tuturor daunelor cauzate.<\/p>\n\n\n\n<p>La expirarea acestui contract, Chiria\u0219ul va restitui locatorului bunul \u00eenchiriat, \u00eempreun\u0103 cu toate accesoriile acestuia, \u00een aceea\u0219i stare \u00een care I-a primit.<\/p>\n\n\n\n<h1 class=\"wp-block-heading\">LIVRAREA \u0218I PRELUAREA BUNULUI<\/h1>\n\n\n\n<p>Autorulota va fi livrata respectiv preluata de la locul indicat de Locator. Livrarea se face incepand cu ora 16.00, iar predarea se va efectua cel t\u00e2rziu la ora13.00. Adresa de preluare\/predare este str. &nbsp;&nbsp;&nbsp;&nbsp;&nbsp;&nbsp;&nbsp;&nbsp;&nbsp;&nbsp;&nbsp;&nbsp;&nbsp;&nbsp;&nbsp;&nbsp;&nbsp;&nbsp;&nbsp;&nbsp;&nbsp;&nbsp;&nbsp;&nbsp;&nbsp;&nbsp;&nbsp;&nbsp;&nbsp;&nbsp;&nbsp;&nbsp;&nbsp;&nbsp;&nbsp;&nbsp;&nbsp;&nbsp;&nbsp;&nbsp;&nbsp;&nbsp;&nbsp;&nbsp;&nbsp;&nbsp;&nbsp;&nbsp;&nbsp;&nbsp;&nbsp;&nbsp;&nbsp;&nbsp;. &nbsp;&nbsp;&nbsp;&nbsp;&nbsp;&nbsp;&nbsp;&nbsp;&nbsp;&nbsp;&nbsp;&nbsp;&nbsp;&nbsp;&nbsp;&nbsp;&nbsp;&nbsp;&nbsp;&nbsp;&nbsp;&nbsp;&nbsp;&nbsp;&nbsp;&nbsp;&nbsp;&nbsp;&nbsp;&nbsp;&nbsp;&nbsp;&nbsp;&nbsp;&nbsp;&nbsp;&nbsp;&nbsp;&nbsp;&nbsp;&nbsp;&nbsp;&nbsp;&nbsp;&nbsp;, nr. &nbsp;&nbsp;&nbsp;, Oradea, Bihor. Persoana de contact: R\u0103zvan 0741087120<\/p>\n\n\n\n<p>Se va \u00eentocmi un proces verbal de predare-primire unde va fi eviden\u021biat\u0103 starea tehnic\u0103 \u0219i estetic\u0103 a autovehiculului, a mobilierului cat si a echipamentelor din dotare. Procesul verbal face parte integranta din prezentul contract.<\/p>\n\n\n\n<p>Autorulota va fi \u00eenchiriat\u0103 \u00een bune condi\u021bii, curat\u0103, f\u0103r\u0103 defec\u021biuni.<\/p>\n\n\n\n<p>Orice \u00eent\u00e2rziere la returnarea autorulotei \u00eenchiriate se comunica cu cel pu\u021bin 24 ore \u00eenainte. Primele 6 ore de \u00eent\u00e2rziere sunt taxate cu o jum\u0103tate de zi de \u00eenchiriere la pre\u021bul de sezon de v\u00e2rf. Pentru \u00eent\u00e2rzieri mai mari de 6 ore se taxeaz\u0103 zi \u00eentreag\u0103 de \u00eenchiriere.<\/p>\n\n\n\n<p>Prelungirea perioadei de \u00eenchiriere este posibila numai cu acordul Locatorului si in limita disponibilit\u0103\u021bii autorulotei. \u00cen caz de \u00eent\u00e2rziere neanun\u021bat\u0103 \u0219i nepermis\u0103 mai mare de 24 ore se aplic\u0103 o penalitate de <strong>500 <\/strong>EUR, urmata de preluarea autorulotei prin mijloace proprii si cu acordul organelor de Poli\u021bie.<\/p>\n\n\n\n<h1 class=\"wp-block-heading\"> REZILIEREA CONTRACTULUI<\/h1>\n\n\n\n<p>In cazul nerespect\u0103rii condi\u021biilor acestui contract, p\u0103r\u021bile au convenit ca acesta sa se desfiin\u021beze de plin drept, f\u0103r\u0103 soma\u021bie \u0219i f\u0103r\u0103 interven\u021bia instan\u021bei de judecat\u0103, contractul av\u00e2nd for\u021ba juridica de titlu executoriu. Prezenta clauz\u0103 are valoare de pact comisoriu de ultimul grad.<\/p>\n\n\n\n<h1 class=\"wp-block-heading\">\u00a0 ANULAREA REZERVARII<\/h1>\n\n\n\n<p>Anularea rezerv\u0103rii este posibila cu informarea \u00een scris, \u00een prealabil \u0219i \u00een urm\u0103toarele condi\u021bii:<\/p>\n\n\n\n<ul class=\"wp-block-list\">\n<li>\u00een caz de neplat\u0103 \u00een termen a avansului de 30% (1 zi de la confirmarea rezerv\u0103rii)\n<ul class=\"wp-block-list\">\n<li>\u00een caz de neplat\u0103 \u00een termen a diferen\u021bei de 70% (1 zi \u00eenainte de prima zi de \u00eenchiriere)<\/li>\n<\/ul>\n<\/li>\n<\/ul>\n\n\n\n<p>In cazul anularii cu mai mult de 30 zile \u00eenainte de preluare, se percepe o penalitate de 25%. In cazul anularii cu 15-29 zile \u00eenainte de preluare, se percepe o penalitate de 50%. Pentru anul\u0103rile intervenite in intervalul 01-14 <strong>zile, <\/strong>se percepe o penalitate de 75%, din avansul achitat.<\/p>\n\n\n\n<p>In cazuri excep\u021bionale penalit\u0103\u021bile de mai sus pot fi diminuate. Acestea pot fi, f\u0103r\u0103 a se limita la: \u00eenchirierea posibila a aceleia\u0219i perioade c\u0103tre alt client, mutarea rezerv\u0103rii, motive de ordin personal deosebite \u0219i dovedite.<\/p>\n\n\n\n<ol style=\"list-style-type:upper-roman\" class=\"wp-block-list\">\n<li><strong>DISPOZITII<\/strong><strong> FINALE<\/strong><\/li>\n<\/ol>\n\n\n\n<p>\u00cen caz de accident, trebuie ob\u021binut\u0103 constatare de la organele de poli\u021bie locale, \u00een caz contrar asigurarea devine nul\u0103, iar chiria\u0219ul este direct r\u0103spunz\u0103tor pentru contravaloarea repara\u021biilor. Locatorul trebuie anun\u021bat telefonic la num\u0103rul din antet si\/sau in scris pe e-mail <a href=\"mailto:nemecesrl@gmail.com.\">nemecesrl@gmail.com.<\/a> despre incident, pagube generate si fotografii ale par\u021bilor afectate imediat dup\u0103 incident.<\/p>\n\n\n\n<p>\u00cen caz de defec\u021biune, Chiria\u0219ul trebuie sa contacteze Locatorul si cel mai apropiat service aprobat de c\u0103tre locator, repara\u021bia fiind pl\u0103tit\u0103 de locator \u00een limitele garan\u021biei oferite de produc\u0103torul Peugeot (chiar dac\u0103 aceasta este expirat\u0103). \u00cen orice situa\u021bie, Chiria\u0219ul este r\u0103spunz\u0103tor pentru returnarea autorulotei la locul de predare. Locatorul nu acoper\u0103 costuri legate de transport sau repara\u021bii, altele dec\u00e2t cele convenite de comun acord.<\/p>\n\n\n\n<p>Locatorul va pune la dispozi\u021bia chiria\u0219ului un autovehicul \u00een buna stare de func\u021bionare, at\u00e2t mecanic\u0103, cat si din punct de vedere al echipamentelor interioare. Proba func\u021bion\u0103rii acestor echipamente se va face \u00een cadrul instructajului de predare. Pentru orice defec\u021biune ap\u0103rut\u0103 \u00een decursul utiliz\u0103rii echipamentelor, Locatorul nu este \u00een m\u0103sur\u0103 s\u0103 dispun\u0103 repara\u021bia p\u00e2n\u0103 la returnarea autovehicului la service\/locul de preluare\/predare.<\/p>\n\n\n\n<p>Orice defec\u021biune sau inconvenient ap\u0103rut dup\u0103 preluarea autorulotei in stare <strong>de <\/strong>func\u021bionare optima nu poate fi imputat Locatorului.<\/p>\n\n\n\n<p>Pentru defec\u021biuni sau distrugeri provocate din vina Chiria\u0219ului si necauzate ca urmare a unor accidente acoperite de poli\u021ba CASCO sau de garan\u021bia produc\u0103torului Peugeot, acesta este r\u0103spunz\u0103tor p\u00e2n\u0103 la acoperirea acestora, nelimit\u00e2ndu-se la garan\u021bia \u00eenm\u00e2nat\u0103.<\/p>\n\n\n\n<p>Asigurarea nu acoper\u0103 daunele provocate ca urmare a nerespect\u0103rii indicatoarelor rutiere de \u00een\u0103l\u021bime (trecerea pe sub poduri), trecerea pe sub arbori la mic\u0103 \u00een\u0103l\u021bime, de drum \u00eengustat (sub 2.4 m) sau in afara drumurilor publice. Aten\u021bie, manevrarea cu spatele \u0219i\/sau \u00een locuri \u00eenguste se va face doar cu ghidaj din exterior, de c\u0103tre o a doua persoana, datorit\u0103 riscului crescut de accidentare.<\/p>\n\n\n\n<p>Toate amenzile emise pe perioada de \u00eenchiriere se vor refactura c\u0103tre Chiria\u0219 pe baza copiei procesului verbal de constatare, iar acesta din urm\u0103 se oblig\u0103 s\u0103 le pl\u0103teasc\u0103 \u00een termen de 1 zi de la data aducerii la cuno\u0219tin\u021b\u0103.<\/p>\n","protected":false},"excerpt":{"rendered":"<p>OBLIGATIILE LOCATORULUI (inchiriereautoruloteoradea.ro) Locatorul are obliga\u021bia de a pune la dispozi\u021bia chiria\u0219ului autorulota \u00een stare buna de func\u021bionare, echipata cu toate dot\u0103rile ofertate, cu rezervorul de combustibil plin, asigurarea obligatorie si rovigneta valabila pe teritoriul Rom\u00e2niei. Locatorul va preda autorulota curata interior si exterior. Locatorul va acorda asistenta telefonica Chiria\u0219ului pe toata perioada sejurului. 1 [&hellip;]<\/p>\n","protected":false},"author":1,"featured_media":0,"parent":0,"menu_order":0,"comment_status":"closed","ping_status":"closed","template":"","meta":{"footnotes":""},"class_list":["post-33","page","type-page","status-publish","hentry"],"yoast_head":"<!-- This site is optimized with the Yoast SEO plugin v27.4 - https:\/\/yoast.com\/product\/yoast-seo-wordpress\/ -->\n<title>Termeni \u0219i Condi\u021bii - TAMO autorulote Oradea<\/title>\n<meta name=\"robots\" content=\"index, follow, max-snippet:-1, max-image-preview:large, max-video-preview:-1\" \/>\n<link rel=\"canonical\" href=\"https:\/\/inchiriereautoruloteoradea.ro\/index.php\/termeni-si-conditii\/\" \/>\n<meta property=\"og:locale\" content=\"en_US\" \/>\n<meta property=\"og:type\" content=\"article\" \/>\n<meta property=\"og:title\" content=\"Termeni \u0219i Condi\u021bii - TAMO autorulote Oradea\" \/>\n<meta property=\"og:description\" content=\"OBLIGATIILE LOCATORULUI (inchiriereautoruloteoradea.ro) Locatorul are obliga\u021bia de a pune la dispozi\u021bia chiria\u0219ului autorulota \u00een stare buna de func\u021bionare, echipata cu toate dot\u0103rile ofertate, cu rezervorul de combustibil plin, asigurarea obligatorie si rovigneta valabila pe teritoriul Rom\u00e2niei. Locatorul va preda autorulota curata interior si exterior. Locatorul va acorda asistenta telefonica Chiria\u0219ului pe toata perioada sejurului. 1 [&hellip;]\" \/>\n<meta property=\"og:url\" content=\"https:\/\/inchiriereautoruloteoradea.ro\/index.php\/termeni-si-conditii\/\" \/>\n<meta property=\"og:site_name\" content=\"TAMO autorulote Oradea\" \/>\n<meta property=\"article:publisher\" content=\"https:\/\/www.facebook.com\/profile.php?id=61557539399543\" \/>\n<meta name=\"twitter:card\" content=\"summary_large_image\" \/>\n<meta name=\"twitter:label1\" content=\"Est. reading time\" \/>\n\t<meta name=\"twitter:data1\" content=\"9 minutes\" \/>\n<script type=\"application\/ld+json\" class=\"yoast-schema-graph\">{\"@context\":\"https:\\\/\\\/schema.org\",\"@graph\":[{\"@type\":\"WebPage\",\"@id\":\"https:\\\/\\\/inchiriereautoruloteoradea.ro\\\/index.php\\\/termeni-si-conditii\\\/\",\"url\":\"https:\\\/\\\/inchiriereautoruloteoradea.ro\\\/index.php\\\/termeni-si-conditii\\\/\",\"name\":\"Termeni \u0219i Condi\u021bii - TAMO autorulote Oradea\",\"isPartOf\":{\"@id\":\"https:\\\/\\\/inchiriereautoruloteoradea.ro\\\/#website\"},\"datePublished\":\"2024-07-31T08:18:13+00:00\",\"breadcrumb\":{\"@id\":\"https:\\\/\\\/inchiriereautoruloteoradea.ro\\\/index.php\\\/termeni-si-conditii\\\/#breadcrumb\"},\"inLanguage\":\"en-US\",\"potentialAction\":[{\"@type\":\"ReadAction\",\"target\":[\"https:\\\/\\\/inchiriereautoruloteoradea.ro\\\/index.php\\\/termeni-si-conditii\\\/\"]}]},{\"@type\":\"BreadcrumbList\",\"@id\":\"https:\\\/\\\/inchiriereautoruloteoradea.ro\\\/index.php\\\/termeni-si-conditii\\\/#breadcrumb\",\"itemListElement\":[{\"@type\":\"ListItem\",\"position\":1,\"name\":\"Home\",\"item\":\"https:\\\/\\\/inchiriereautoruloteoradea.ro\\\/\"},{\"@type\":\"ListItem\",\"position\":2,\"name\":\"Termeni \u0219i Condi\u021bii\"}]},{\"@type\":\"WebSite\",\"@id\":\"https:\\\/\\\/inchiriereautoruloteoradea.ro\\\/#website\",\"url\":\"https:\\\/\\\/inchiriereautoruloteoradea.ro\\\/\",\"name\":\"TAMO autorulote Oradea\",\"description\":\"\",\"publisher\":{\"@id\":\"https:\\\/\\\/inchiriereautoruloteoradea.ro\\\/#organization\"},\"potentialAction\":[{\"@type\":\"SearchAction\",\"target\":{\"@type\":\"EntryPoint\",\"urlTemplate\":\"https:\\\/\\\/inchiriereautoruloteoradea.ro\\\/?s={search_term_string}\"},\"query-input\":{\"@type\":\"PropertyValueSpecification\",\"valueRequired\":true,\"valueName\":\"search_term_string\"}}],\"inLanguage\":\"en-US\"},{\"@type\":\"Organization\",\"@id\":\"https:\\\/\\\/inchiriereautoruloteoradea.ro\\\/#organization\",\"name\":\"TAMO autorulote Oradea\",\"url\":\"https:\\\/\\\/inchiriereautoruloteoradea.ro\\\/\",\"logo\":{\"@type\":\"ImageObject\",\"inLanguage\":\"en-US\",\"@id\":\"https:\\\/\\\/inchiriereautoruloteoradea.ro\\\/#\\\/schema\\\/logo\\\/image\\\/\",\"url\":\"https:\\\/\\\/inchiriereautoruloteoradea.ro\\\/wp-content\\\/uploads\\\/2024\\\/07\\\/WhatsApp-Image-2025-04-30-at-09.29.463-2-scaled.jpeg\",\"contentUrl\":\"https:\\\/\\\/inchiriereautoruloteoradea.ro\\\/wp-content\\\/uploads\\\/2024\\\/07\\\/WhatsApp-Image-2025-04-30-at-09.29.463-2-scaled.jpeg\",\"width\":2560,\"height\":1920,\"caption\":\"TAMO autorulote Oradea\"},\"image\":{\"@id\":\"https:\\\/\\\/inchiriereautoruloteoradea.ro\\\/#\\\/schema\\\/logo\\\/image\\\/\"},\"sameAs\":[\"https:\\\/\\\/www.facebook.com\\\/profile.php?id=61557539399543\"]}]}<\/script>\n<!-- \/ Yoast SEO plugin. -->","yoast_head_json":{"title":"Termeni \u0219i Condi\u021bii - TAMO autorulote Oradea","robots":{"index":"index","follow":"follow","max-snippet":"max-snippet:-1","max-image-preview":"max-image-preview:large","max-video-preview":"max-video-preview:-1"},"canonical":"https:\/\/inchiriereautoruloteoradea.ro\/index.php\/termeni-si-conditii\/","og_locale":"en_US","og_type":"article","og_title":"Termeni \u0219i Condi\u021bii - TAMO autorulote Oradea","og_description":"OBLIGATIILE LOCATORULUI (inchiriereautoruloteoradea.ro) Locatorul are obliga\u021bia de a pune la dispozi\u021bia chiria\u0219ului autorulota \u00een stare buna de func\u021bionare, echipata cu toate dot\u0103rile ofertate, cu rezervorul de combustibil plin, asigurarea obligatorie si rovigneta valabila pe teritoriul Rom\u00e2niei. Locatorul va preda autorulota curata interior si exterior. Locatorul va acorda asistenta telefonica Chiria\u0219ului pe toata perioada sejurului. 1 [&hellip;]","og_url":"https:\/\/inchiriereautoruloteoradea.ro\/index.php\/termeni-si-conditii\/","og_site_name":"TAMO autorulote Oradea","article_publisher":"https:\/\/www.facebook.com\/profile.php?id=61557539399543","twitter_card":"summary_large_image","twitter_misc":{"Est. reading time":"9 minutes"},"schema":{"@context":"https:\/\/schema.org","@graph":[{"@type":"WebPage","@id":"https:\/\/inchiriereautoruloteoradea.ro\/index.php\/termeni-si-conditii\/","url":"https:\/\/inchiriereautoruloteoradea.ro\/index.php\/termeni-si-conditii\/","name":"Termeni \u0219i Condi\u021bii - TAMO autorulote Oradea","isPartOf":{"@id":"https:\/\/inchiriereautoruloteoradea.ro\/#website"},"datePublished":"2024-07-31T08:18:13+00:00","breadcrumb":{"@id":"https:\/\/inchiriereautoruloteoradea.ro\/index.php\/termeni-si-conditii\/#breadcrumb"},"inLanguage":"en-US","potentialAction":[{"@type":"ReadAction","target":["https:\/\/inchiriereautoruloteoradea.ro\/index.php\/termeni-si-conditii\/"]}]},{"@type":"BreadcrumbList","@id":"https:\/\/inchiriereautoruloteoradea.ro\/index.php\/termeni-si-conditii\/#breadcrumb","itemListElement":[{"@type":"ListItem","position":1,"name":"Home","item":"https:\/\/inchiriereautoruloteoradea.ro\/"},{"@type":"ListItem","position":2,"name":"Termeni \u0219i Condi\u021bii"}]},{"@type":"WebSite","@id":"https:\/\/inchiriereautoruloteoradea.ro\/#website","url":"https:\/\/inchiriereautoruloteoradea.ro\/","name":"TAMO autorulote Oradea","description":"","publisher":{"@id":"https:\/\/inchiriereautoruloteoradea.ro\/#organization"},"potentialAction":[{"@type":"SearchAction","target":{"@type":"EntryPoint","urlTemplate":"https:\/\/inchiriereautoruloteoradea.ro\/?s={search_term_string}"},"query-input":{"@type":"PropertyValueSpecification","valueRequired":true,"valueName":"search_term_string"}}],"inLanguage":"en-US"},{"@type":"Organization","@id":"https:\/\/inchiriereautoruloteoradea.ro\/#organization","name":"TAMO autorulote Oradea","url":"https:\/\/inchiriereautoruloteoradea.ro\/","logo":{"@type":"ImageObject","inLanguage":"en-US","@id":"https:\/\/inchiriereautoruloteoradea.ro\/#\/schema\/logo\/image\/","url":"https:\/\/inchiriereautoruloteoradea.ro\/wp-content\/uploads\/2024\/07\/WhatsApp-Image-2025-04-30-at-09.29.463-2-scaled.jpeg","contentUrl":"https:\/\/inchiriereautoruloteoradea.ro\/wp-content\/uploads\/2024\/07\/WhatsApp-Image-2025-04-30-at-09.29.463-2-scaled.jpeg","width":2560,"height":1920,"caption":"TAMO autorulote Oradea"},"image":{"@id":"https:\/\/inchiriereautoruloteoradea.ro\/#\/schema\/logo\/image\/"},"sameAs":["https:\/\/www.facebook.com\/profile.php?id=61557539399543"]}]}},"_links":{"self":[{"href":"https:\/\/inchiriereautoruloteoradea.ro\/index.php\/wp-json\/wp\/v2\/pages\/33","targetHints":{"allow":["GET"]}}],"collection":[{"href":"https:\/\/inchiriereautoruloteoradea.ro\/index.php\/wp-json\/wp\/v2\/pages"}],"about":[{"href":"https:\/\/inchiriereautoruloteoradea.ro\/index.php\/wp-json\/wp\/v2\/types\/page"}],"author":[{"embeddable":true,"href":"https:\/\/inchiriereautoruloteoradea.ro\/index.php\/wp-json\/wp\/v2\/users\/1"}],"replies":[{"embeddable":true,"href":"https:\/\/inchiriereautoruloteoradea.ro\/index.php\/wp-json\/wp\/v2\/comments?post=33"}],"version-history":[{"count":0,"href":"https:\/\/inchiriereautoruloteoradea.ro\/index.php\/wp-json\/wp\/v2\/pages\/33\/revisions"}],"wp:attachment":[{"href":"https:\/\/inchiriereautoruloteoradea.ro\/index.php\/wp-json\/wp\/v2\/media?parent=33"}],"curies":[{"name":"wp","href":"https:\/\/api.w.org\/{rel}","templated":true}]}}